{"id":10,"date":"2024-06-14T14:27:13","date_gmt":"2024-06-14T14:27:13","guid":{"rendered":"https:\/\/demosites.royal-elementor-addons.com\/financial-services-v1\/?page_id=10"},"modified":"2025-04-09T20:21:58","modified_gmt":"2025-04-09T20:21:58","slug":"certificaciones","status":"publish","type":"page","link":"https:\/\/conciencia.ar\/index.php\/certificaciones\/","title":{"rendered":"Certificaciones"},"content":{"rendered":"\t\t<div data-elementor-type=\"wp-page\" data-elementor-id=\"10\" class=\"elementor elementor-10\">\n\t\t\t\t<div class=\"elementor-element elementor-element-0580e27 e-flex e-con-boxed wpr-particle-no wpr-jarallax-no wpr-parallax-no wpr-sticky-section-no e-con e-parent\" data-id=\"0580e27\" data-element_type=\"container\" data-settings=\"{&quot;background_background&quot;:&quot;classic&quot;}\">\n\t\t\t\t\t<div class=\"e-con-inner\">\n\t\t\t\t<div class=\"elementor-element elementor-element-f1a85f1 elementor-widget elementor-widget-heading\" data-id=\"f1a85f1\" data-element_type=\"widget\" data-widget_type=\"heading.default\">\n\t\t\t\t<div class=\"elementor-widget-container\">\n\t\t\t\t\t<h1 class=\"elementor-heading-title elementor-size-default\">Certificaciones<\/h1>\t\t\t\t<\/div>\n\t\t\t\t<\/div>\n\t\t\t\t\t<\/div>\n\t\t\t\t<\/div>\n\t\t\t\t<section class=\"elementor-section elementor-top-section elementor-element elementor-element-7f403ee30 elementor-section-boxed elementor-section-height-default elementor-section-height-default wpr-particle-no wpr-jarallax-no wpr-parallax-no wpr-sticky-section-no\" data-id=\"7f403ee30\" data-element_type=\"section\">\n\t\t\t\t\t\t<div class=\"elementor-container elementor-column-gap-default\">\n\t\t\t\t\t<div class=\"elementor-column elementor-col-100 elementor-top-column elementor-element elementor-element-6b01c2cc\" data-id=\"6b01c2cc\" data-element_type=\"column\">\n\t\t\t<div class=\"elementor-widget-wrap elementor-element-populated\">\n\t\t\t\t\t\t<div class=\"elementor-element elementor-element-7f6c67c6 elementor-widget elementor-widget-heading\" data-id=\"7f6c67c6\" data-element_type=\"widget\" data-widget_type=\"heading.default\">\n\t\t\t\t<div class=\"elementor-widget-container\">\n\t\t\t\t\t<h2 class=\"elementor-heading-title elementor-size-default\">Convertirte en un coach profesional<\/h2>\t\t\t\t<\/div>\n\t\t\t\t<\/div>\n\t\t\t\t<div class=\"elementor-element elementor-element-486d414c elementor-widget elementor-widget-text-editor\" data-id=\"486d414c\" data-element_type=\"widget\" data-widget_type=\"text-editor.default\">\n\t\t\t\t<div class=\"elementor-widget-container\">\n\t\t\t\t\t\t\t\t\t<p>Nuestras certificaciones est\u00e1n dise\u00f1adas para guiarte a trav\u00e9s de un proceso profundo de autoconocimiento y desarrollo profesional<\/p>\t\t\t\t\t\t\t\t<\/div>\n\t\t\t\t<\/div>\n\t\t\t\t<section class=\"elementor-section elementor-inner-section elementor-element elementor-element-42a2b401 elementor-section-boxed elementor-section-height-default elementor-section-height-default wpr-particle-no wpr-jarallax-no wpr-parallax-no wpr-sticky-section-no\" data-id=\"42a2b401\" data-element_type=\"section\">\n\t\t\t\t\t\t<div class=\"elementor-container elementor-column-gap-default\">\n\t\t\t\t\t<div class=\"elementor-column elementor-col-33 elementor-inner-column elementor-element elementor-element-5061857a\" data-id=\"5061857a\" data-element_type=\"column\">\n\t\t\t<div class=\"elementor-widget-wrap elementor-element-populated\">\n\t\t\t\t\t\t<div class=\"elementor-element elementor-element-1d732fc4 wpr-pricing-table-animation-none wpr-pricing-table-heading-center elementor-widget elementor-widget-wpr-pricing-table\" data-id=\"1d732fc4\" data-element_type=\"widget\" data-widget_type=\"wpr-pricing-table.default\">\n\t\t\t\t<div class=\"elementor-widget-container\">\n\t\t\t\t\t\n\t<div class=\"wpr-pricing-table\">\n\t\t\n\t\t\t<div class=\"elementor-repeater-item-1e3d479 wpr-pricing-table-item wpr-pricing-table-heading wpr-pricing-table-item-first\">\t\t\n\t\t\t\n\t\t\t\n\t\t\t\t<div class=\"wpr-pricing-table-headding-inner\">\n\t\t\t\n\t\t\t\t\t\n\t\t\t\t\t\t\t\t\t\t\t<div class=\"wpr-pricing-table-title-wrap\">\n\t\t\t\t\t\t\t\t\n\t\t\t\t\t\t\t\t<h3 class=\"wpr-pricing-table-title\">Certificaci\u00f3n Internacional en Coaching Integral<\/h3>\n\t\t\t\t\t\t\t\n\t\t\t\t\t\t\t\t\t\t\t\t\t<\/div>\n\t\t\t\t\t\t\t\t\t<\/div>\t\t\n\t\t\n\t\t\t\n\t\t\t<\/div>\n\t\t\t\n\t\t\t<div class=\"elementor-repeater-item-db1daea wpr-pricing-table-item wpr-pricing-table-price\">\t\t\n\t\t\t\n\t\t\t\n\t\t\t\t<div class=\"wpr-pricing-table-price-inner\">\n\t\t\t\t\t\n\t\t\t\t\t<span class=\"wpr-pricing-table-currency\"><\/span>\t\t\t\t\t\n\t\t\t\t\t\n\t\t\t\t\t\n\t\t\t\t\t\n\t\t\t\t\t\t\t\t\t<\/div>\n\n\t\t\t\t\t\n\t\t\t\t\t<div class=\"wpr-pricing-table-preiod\">Objetivos del programa<\/div>\n\t\t\t\t\t\t\n\t\t\t\n\t\t\t<\/div>\n\t\t\t\n\t\t\t<div class=\"elementor-repeater-item-787612d wpr-pricing-table-item wpr-pricing-table-divider\">\t\t\n\t\t\t\n\t\t\t\n\t\t\t\t<div class=\"wpr-pricing-table-divider\"><\/div>\n\t\t\t\t\n\t\t\t\n\t\t\t<\/div>\n\t\t\t\n\t\t\t<section class=\"elementor-repeater-item-44394e0 wpr-pricing-table-item wpr-pricing-table-feature\">\n\t\t\t\t<div class=\"wpr-pricing-table-feature-inner\">\n\t\t\t\t\t\t\t\t\t\t\t<i class=\"wpr-pricing-table-feature-icon fas fa-check\"><\/i>\n\t\t\t\t\t\t\t\t\t\t\n\t\t\t\t\t<span class=\"wpr-pricing-table-feature-text wpr-pricing-table-ftext-line-\">\n\t\t\t\t\t\t<span>\n\t\t\t\t\t\tDescubrir y potenciar tus fortalezas personales.\t\t\t\t\t\t<\/span>\n\t\t\t\t\t<\/span>\n\n\t\t\t\t\t\t\t\t\t\t\t\t\n\t\t\t\t<\/div>\n\t\t\t<\/section>\n\n\t\t\t\n\t\t\t<section class=\"elementor-repeater-item-d831880 wpr-pricing-table-item wpr-pricing-table-feature\">\n\t\t\t\t<div class=\"wpr-pricing-table-feature-inner\">\n\t\t\t\t\t\t\t\t\t\t\t<i class=\"wpr-pricing-table-feature-icon fas fa-check\"><\/i>\n\t\t\t\t\t\t\t\t\t\t\n\t\t\t\t\t<span class=\"wpr-pricing-table-feature-text wpr-pricing-table-ftext-line-\">\n\t\t\t\t\t\t<span>\n\t\t\t\t\t\tAprender herramientas pr\u00e1cticas para la gesti\u00f3n emocional y la toma de decisiones\t\t\t\t\t\t<\/span>\n\t\t\t\t\t<\/span>\n\n\t\t\t\t\t\t\t\t\t\t\t\t\n\t\t\t\t<\/div>\n\t\t\t<\/section>\n\n\t\t\t\n\t\t\t<section class=\"elementor-repeater-item-0377dd3 wpr-pricing-table-item wpr-pricing-table-feature\">\n\t\t\t\t<div class=\"wpr-pricing-table-feature-inner\">\n\t\t\t\t\t\t\t\t\t\t\t<i class=\"wpr-pricing-table-feature-icon fas fa-check\"><\/i>\n\t\t\t\t\t\t\t\t\t\t\n\t\t\t\t\t<span class=\"wpr-pricing-table-feature-text wpr-pricing-table-ftext-line-\">\n\t\t\t\t\t\t<span>\n\t\t\t\t\t\tDominar t\u00e9cnicas de coaching para aplicar en tu vida y en la de otros.\t\t\t\t\t\t<\/span>\n\t\t\t\t\t<\/span>\n\n\t\t\t\t\t\t\t\t\t\t\t\t\n\t\t\t\t<\/div>\n\t\t\t<\/section>\n\n\t\t\t\n\t\t\t<section class=\"elementor-repeater-item-ff0b0cb wpr-pricing-table-item wpr-pricing-table-feature\">\n\t\t\t\t<div class=\"wpr-pricing-table-feature-inner\">\n\t\t\t\t\t\t\t\t\t\t\t<i class=\"wpr-pricing-table-feature-icon fas fa-check\"><\/i>\n\t\t\t\t\t\t\t\t\t\t\n\t\t\t\t\t<span class=\"wpr-pricing-table-feature-text wpr-pricing-table-ftext-line-\">\n\t\t\t\t\t\t<span>\n\t\t\t\t\t\tDesarrollar una identidad profesional como coach certificado.\t\t\t\t\t\t<\/span>\n\t\t\t\t\t<\/span>\n\n\t\t\t\t\t\t\t\t\t\t\t\t\n\t\t\t\t<\/div>\n\t\t\t<\/section>\n\n\t\t\t\n\t\t\t<div class=\"elementor-repeater-item-ab42b32 wpr-pricing-table-item wpr-pricing-table-button\">\t\t\n\t\t\t\n\t\t\t\n\t\t\t\t<a class=\"wpr-pricing-table-btn wpr-button-effect elementor-animation-shrink\" href=\"https:\/\/conciencia.ar\/wp-content\/uploads\/2025\/04\/CERTIFICACION-ONLINE-INTERNACIONAL-EN-COACHING.-2025-mayo.pdf\">\n\t\t\t\t\t<span>\n\n\t\t\t\t\t\t\n\t\t\t\t\t\tVer info completa\n\t\t\t\t\t\t\t\t\t\t\t\t<i class=\"fas fa-download\"><\/i>\n\n\t\t\t\t\t<\/span>\n\t\t\t\t\t\t\t\t\t<\/a>\n\t\t\t\t\n\t\t\t\n\t\t\t<\/div>\n\t\t\t\n\t\t\t<div class=\"elementor-repeater-item-1c0d86d wpr-pricing-table-item wpr-pricing-table-button wpr-pricing-table-item-last\">\t\t\n\t\t\t\n\t\t\t\n\t\t\t\t<a class=\"wpr-pricing-table-btn wpr-button-effect elementor-animation-shrink\" href=\"https:\/\/docs.google.com\/forms\/d\/e\/1FAIpQLSe1ZEADshe0Sphsjz6X6UWEZX88kMPEF8NFZ9uCu06Zbcv_Lw\/viewform\">\n\t\t\t\t\t<span>\n\n\t\t\t\t\t\t\n\t\t\t\t\t\t\u00a1INSCR\u00cdBETE AHORA!\n\t\t\t\t\t\t\t\t\t\t<\/a>\n\t\t\t\t\n\t\t\t\n\t\t\t<\/div>\n\t\t\t\t<\/div>\n\n\t\t\t\t\t<\/div>\n\t\t\t\t<\/div>\n\t\t\t\t\t<\/div>\n\t\t<\/div>\n\t\t\t\t<div class=\"elementor-column elementor-col-33 elementor-inner-column elementor-element elementor-element-2bb10311\" data-id=\"2bb10311\" data-element_type=\"column\">\n\t\t\t<div class=\"elementor-widget-wrap elementor-element-populated\">\n\t\t\t\t\t\t<div class=\"elementor-element elementor-element-a9d90ef wpr-pricing-table-animation-none wpr-pricing-table-heading-center elementor-widget elementor-widget-wpr-pricing-table\" data-id=\"a9d90ef\" data-element_type=\"widget\" data-widget_type=\"wpr-pricing-table.default\">\n\t\t\t\t<div class=\"elementor-widget-container\">\n\t\t\t\t\t\n\t<div class=\"wpr-pricing-table\">\n\t\t\n\t\t\t<div class=\"elementor-repeater-item-1e3d479 wpr-pricing-table-item wpr-pricing-table-heading wpr-pricing-table-item-first\">\t\t\n\t\t\t\n\t\t\t\n\t\t\t\t<div class=\"wpr-pricing-table-headding-inner\">\n\t\t\t\n\t\t\t\t\t\n\t\t\t\t\t\t\t\t\t\t\t<div class=\"wpr-pricing-table-title-wrap\">\n\t\t\t\t\t\t\t\t\n\t\t\t\t\t\t\t\t<h3 class=\"wpr-pricing-table-title\">Certificaci\u00f3n Hypnosis Technician<\/h3>\n\t\t\t\t\t\t\t\n\t\t\t\t\t\t\t\t\t\t\t\t\t<\/div>\n\t\t\t\t\t\t\t\t\t<\/div>\t\t\n\t\t\n\t\t\t\n\t\t\t<\/div>\n\t\t\t\n\t\t\t<div class=\"elementor-repeater-item-db1daea wpr-pricing-table-item wpr-pricing-table-price\">\t\t\n\t\t\t\n\t\t\t\n\t\t\t\t<div class=\"wpr-pricing-table-price-inner\">\n\t\t\t\t\t\n\t\t\t\t\t<span class=\"wpr-pricing-table-currency\"><\/span>\t\t\t\t\t\n\t\t\t\t\t\n\t\t\t\t\t\n\t\t\t\t\t\n\t\t\t\t\t\t\t\t\t<\/div>\n\n\t\t\t\t\t\n\t\t\t\t\t<div class=\"wpr-pricing-table-preiod\">\u00bfQu\u00e9 obtendr\u00e1s en este programa intensivo?<\/div>\n\t\t\t\t\t\t\n\t\t\t\n\t\t\t<\/div>\n\t\t\t\n\t\t\t<div class=\"elementor-repeater-item-787612d wpr-pricing-table-item wpr-pricing-table-divider\">\t\t\n\t\t\t\n\t\t\t\n\t\t\t\t<div class=\"wpr-pricing-table-divider\"><\/div>\n\t\t\t\t\n\t\t\t\n\t\t\t<\/div>\n\t\t\t\n\t\t\t<section class=\"elementor-repeater-item-44394e0 wpr-pricing-table-item wpr-pricing-table-feature\">\n\t\t\t\t<div class=\"wpr-pricing-table-feature-inner\">\n\t\t\t\t\t\t\t\t\t\t\t<i class=\"wpr-pricing-table-feature-icon fas fa-check\"><\/i>\n\t\t\t\t\t\t\t\t\t\t\n\t\t\t\t\t<span class=\"wpr-pricing-table-feature-text wpr-pricing-table-ftext-line-\">\n\t\t\t\t\t\t<span>\n\t\t\t\t\t\t3 d\u00edas inmersivos presenciales, donde desarrollar\u00e1s habilidades pr\u00e1cticas y efectivas.\t\t\t\t\t\t<\/span>\n\t\t\t\t\t<\/span>\n\n\t\t\t\t\t\t\t\t\t\t\t\t\n\t\t\t\t<\/div>\n\t\t\t<\/section>\n\n\t\t\t\n\t\t\t<section class=\"elementor-repeater-item-d831880 wpr-pricing-table-item wpr-pricing-table-feature\">\n\t\t\t\t<div class=\"wpr-pricing-table-feature-inner\">\n\t\t\t\t\t\t\t\t\t\t\t<i class=\"wpr-pricing-table-feature-icon fas fa-check\"><\/i>\n\t\t\t\t\t\t\t\t\t\t\n\t\t\t\t\t<span class=\"wpr-pricing-table-feature-text wpr-pricing-table-ftext-line-\">\n\t\t\t\t\t\t<span>\n\t\t\t\t\t\tT\u00e9cnicas para inducir y manejar estados de trance con precisi\u00f3n.\t\t\t\t\t\t<\/span>\n\t\t\t\t\t<\/span>\n\n\t\t\t\t\t\t\t\t\t\t\t\t\n\t\t\t\t<\/div>\n\t\t\t<\/section>\n\n\t\t\t\n\t\t\t<section class=\"elementor-repeater-item-0377dd3 wpr-pricing-table-item wpr-pricing-table-feature\">\n\t\t\t\t<div class=\"wpr-pricing-table-feature-inner\">\n\t\t\t\t\t\t\t\t\t\t\t<i class=\"wpr-pricing-table-feature-icon fas fa-check\"><\/i>\n\t\t\t\t\t\t\t\t\t\t\n\t\t\t\t\t<span class=\"wpr-pricing-table-feature-text wpr-pricing-table-ftext-line-\">\n\t\t\t\t\t\t<span>\n\t\t\t\t\t\tHerramientas para transformar creencias limitantes y facilitar cambios duraderos.\t\t\t\t\t\t<\/span>\n\t\t\t\t\t<\/span>\n\n\t\t\t\t\t\t\t\t\t\t\t\t\n\t\t\t\t<\/div>\n\t\t\t<\/section>\n\n\t\t\t\n\t\t\t<section class=\"elementor-repeater-item-ff0b0cb wpr-pricing-table-item wpr-pricing-table-feature\">\n\t\t\t\t<div class=\"wpr-pricing-table-feature-inner\">\n\t\t\t\t\t\t\t\t\t\t\t<i class=\"wpr-pricing-table-feature-icon fas fa-check\"><\/i>\n\t\t\t\t\t\t\t\t\t\t\n\t\t\t\t\t<span class=\"wpr-pricing-table-feature-text wpr-pricing-table-ftext-line-\">\n\t\t\t\t\t\t<span>\n\t\t\t\t\t\tUn modelo hipn\u00f3tico poderoso que te permitir\u00e1 impactar vidas desde el primer d\u00eda.\t\t\t\t\t\t<\/span>\n\t\t\t\t\t<\/span>\n\n\t\t\t\t\t\t\t\t\t\t\t\t\n\t\t\t\t<\/div>\n\t\t\t<\/section>\n\n\t\t\t\n\t\t\t<section class=\"elementor-repeater-item-40a13a2 wpr-pricing-table-item wpr-pricing-table-feature\">\n\t\t\t\t<div class=\"wpr-pricing-table-feature-inner\">\n\t\t\t\t\t\t\t\t\t\t\t<i class=\"wpr-pricing-table-feature-icon fas fa-check\"><\/i>\n\t\t\t\t\t\t\t\t\t\t\n\t\t\t\t\t<span class=\"wpr-pricing-table-feature-text wpr-pricing-table-ftext-line-\">\n\t\t\t\t\t\t<span>\n\t\t\t\t\t\tCrecimiento personal: sanar\u00e1s tus propias heridas y elevar\u00e1s tu calidad de vida.\t\t\t\t\t\t<\/span>\n\t\t\t\t\t<\/span>\n\n\t\t\t\t\t\t\t\t\t\t\t\t\n\t\t\t\t<\/div>\n\t\t\t<\/section>\n\n\t\t\t\n\t\t\t<div class=\"elementor-repeater-item-ab42b32 wpr-pricing-table-item wpr-pricing-table-button\">\t\t\n\t\t\t\n\t\t\t\n\t\t\t\t<a class=\"wpr-pricing-table-btn wpr-button-effect elementor-animation-shrink\" href=\"https:\/\/conciencia.ar\/wp-content\/uploads\/2025\/02\/Certificacion-en-Hipnosis.pdf\">\n\t\t\t\t\t<span>\n\n\t\t\t\t\t\t\n\t\t\t\t\t\tVer info completa\n\t\t\t\t\t\t\t\t\t\t\t\t<i class=\"fas fa-download\"><\/i>\n\n\t\t\t\t\t<\/span>\n\t\t\t\t\t\t\t\t\t<\/a>\n\t\t\t\t\n\t\t\t\n\t\t\t<\/div>\n\t\t\t\n\t\t\t<div class=\"elementor-repeater-item-1c0d86d wpr-pricing-table-item wpr-pricing-table-button wpr-pricing-table-item-last\">\t\t\n\t\t\t\n\t\t\t\n\t\t\t\t<a class=\"wpr-pricing-table-btn wpr-button-effect elementor-animation-shrink\" href=\"https:\/\/wa.me\/5491123821096\" target=\"_blank\" rel=\"noopener noreferrer\">\n\t\t\t\t\t<span>\n\n\t\t\t\t\t\t\n\t\t\t\t\t\t\u00a1INSCR\u00cdBETE AHORA!\n\t\t\t\t\t\t\t\t\t\t<\/a>\n\t\t\t\t\n\t\t\t\n\t\t\t<\/div>\n\t\t\t\t<\/div>\n\n\t\t\t\t\t<\/div>\n\t\t\t\t<\/div>\n\t\t\t\t\t<\/div>\n\t\t<\/div>\n\t\t\t\t<div class=\"elementor-column elementor-col-33 elementor-inner-column elementor-element elementor-element-ddadec6\" data-id=\"ddadec6\" data-element_type=\"column\">\n\t\t\t<div class=\"elementor-widget-wrap elementor-element-populated\">\n\t\t\t\t\t\t<div class=\"elementor-element elementor-element-5d3958d wpr-pricing-table-animation-none wpr-pricing-table-heading-center elementor-widget elementor-widget-wpr-pricing-table\" data-id=\"5d3958d\" data-element_type=\"widget\" data-widget_type=\"wpr-pricing-table.default\">\n\t\t\t\t<div class=\"elementor-widget-container\">\n\t\t\t\t\t\n\t<div class=\"wpr-pricing-table\">\n\t\t\n\t\t\t<div class=\"elementor-repeater-item-1e3d479 wpr-pricing-table-item wpr-pricing-table-heading wpr-pricing-table-item-first\">\t\t\n\t\t\t\n\t\t\t\n\t\t\t\t<div class=\"wpr-pricing-table-headding-inner\">\n\t\t\t\n\t\t\t\t\t\n\t\t\t\t\t\t\t\t\t\t\t<div class=\"wpr-pricing-table-title-wrap\">\n\t\t\t\t\t\t\t\t\n\t\t\t\t\t\t\t\t<h3 class=\"wpr-pricing-table-title\">Certificaci\u00f3n en creencias limitantes <\/h3>\n\t\t\t\t\t\t\t\n\t\t\t\t\t\t\t\t\t\t\t\t\t<\/div>\n\t\t\t\t\t\t\t\t\t<\/div>\t\t\n\t\t\n\t\t\t\n\t\t\t<\/div>\n\t\t\t\n\t\t\t<div class=\"elementor-repeater-item-db1daea wpr-pricing-table-item wpr-pricing-table-price\">\t\t\n\t\t\t\n\t\t\t\n\t\t\t\t<div class=\"wpr-pricing-table-price-inner\">\n\t\t\t\t\t\n\t\t\t\t\t<span class=\"wpr-pricing-table-currency\"><\/span>\t\t\t\t\t\n\t\t\t\t\t\n\t\t\t\t\t\n\t\t\t\t\t\n\t\t\t\t\t\t\t\t\t<\/div>\n\n\t\t\t\t\t\t\n\t\t\t\n\t\t\t<\/div>\n\t\t\t\n\t\t\t<div class=\"elementor-repeater-item-787612d wpr-pricing-table-item wpr-pricing-table-divider\">\t\t\n\t\t\t\n\t\t\t\n\t\t\t\t<div class=\"wpr-pricing-table-divider\"><\/div>\n\t\t\t\t\n\t\t\t\n\t\t\t<\/div>\n\t\t\t\n\t\t\t<section class=\"elementor-repeater-item-44394e0 wpr-pricing-table-item wpr-pricing-table-feature\">\n\t\t\t\t<div class=\"wpr-pricing-table-feature-inner\">\n\t\t\t\t\t\t\t\t\t\t\t<i class=\"wpr-pricing-table-feature-icon fas fa-check\"><\/i>\n\t\t\t\t\t\t\t\t\t\t\n\t\t\t\t\t<span class=\"wpr-pricing-table-feature-text wpr-pricing-table-ftext-line-\">\n\t\t\t\t\t\t<span>\n\t\t\t\t\t\tEs un proceso de entrenamiento esencialmente pr\u00e1ctico donde los participantes aprender\u00e1n a identificar y facilitar la transformaci\u00f3n de creencias limitantes a partir de un s\u00f3lido modelo basado en evidencias.\t\t\t\t\t\t<\/span>\n\t\t\t\t\t<\/span>\n\n\t\t\t\t\t\t\t\t\t\t\t\t\n\t\t\t\t<\/div>\n\t\t\t<\/section>\n\n\t\t\t\n\t\t\t<div class=\"elementor-repeater-item-ab42b32 wpr-pricing-table-item wpr-pricing-table-button\">\t\t\n\t\t\t\n\t\t\t\n\t\t\t\t<a class=\"wpr-pricing-table-btn wpr-button-effect elementor-animation-shrink\" href=\"https:\/\/conciencia.ar\/wp-content\/uploads\/2025\/03\/Creencias-limitantes-2022-1.pdf\" target=\"_blank\" rel=\"noopener noreferrer\">\n\t\t\t\t\t<span>\n\n\t\t\t\t\t\t\n\t\t\t\t\t\tVer info completa\n\t\t\t\t\t\t\t\t\t\t\t\t<i class=\"fas fa-download\"><\/i>\n\n\t\t\t\t\t<\/span>\n\t\t\t\t\t\t\t\t\t<\/a>\n\t\t\t\t\n\t\t\t\n\t\t\t<\/div>\n\t\t\t\n\t\t\t<div class=\"elementor-repeater-item-1c0d86d wpr-pricing-table-item wpr-pricing-table-button wpr-pricing-table-item-last\">\t\t\n\t\t\t\n\t\t\t\n\t\t\t\t<a class=\"wpr-pricing-table-btn wpr-button-effect elementor-animation-shrink\" href=\"https:\/\/wa.me\/5491123821096\" target=\"_blank\" rel=\"noopener noreferrer\">\n\t\t\t\t\t<span>\n\n\t\t\t\t\t\t\n\t\t\t\t\t\t\u00a1INSCR\u00cdBETE AHORA!\n\t\t\t\t\t\t\t\t\t\t<\/a>\n\t\t\t\t\n\t\t\t\n\t\t\t<\/div>\n\t\t\t\t<\/div>\n\n\t\t\t\t\t<\/div>\n\t\t\t\t<\/div>\n\t\t\t\t\t<\/div>\n\t\t<\/div>\n\t\t\t\t\t<\/div>\n\t\t<\/section>\n\t\t\t\t<section class=\"elementor-section elementor-inner-section elementor-element elementor-element-6bdf52a elementor-section-boxed elementor-section-height-default elementor-section-height-default wpr-particle-no wpr-jarallax-no wpr-parallax-no wpr-sticky-section-no\" data-id=\"6bdf52a\" data-element_type=\"section\">\n\t\t\t\t\t\t<div class=\"elementor-container elementor-column-gap-default\">\n\t\t\t\t\t<div class=\"elementor-column elementor-col-33 elementor-inner-column elementor-element elementor-element-f2c7659\" data-id=\"f2c7659\" data-element_type=\"column\">\n\t\t\t<div class=\"elementor-widget-wrap\">\n\t\t\t\t\t\t\t<\/div>\n\t\t<\/div>\n\t\t\t\t<div class=\"elementor-column elementor-col-33 elementor-inner-column elementor-element elementor-element-f1d0be7\" data-id=\"f1d0be7\" data-element_type=\"column\">\n\t\t\t<div class=\"elementor-widget-wrap\">\n\t\t\t\t\t\t\t<\/div>\n\t\t<\/div>\n\t\t\t\t<div class=\"elementor-column elementor-col-33 elementor-inner-column elementor-element elementor-element-ead7828\" data-id=\"ead7828\" data-element_type=\"column\">\n\t\t\t<div class=\"elementor-widget-wrap\">\n\t\t\t\t\t\t\t<\/div>\n\t\t<\/div>\n\t\t\t\t\t<\/div>\n\t\t<\/section>\n\t\t\t\t\t<\/div>\n\t\t<\/div>\n\t\t\t\t\t<\/div>\n\t\t<\/section>\n\t\t<div class=\"elementor-element elementor-element-785ec78 e-flex e-con-boxed wpr-particle-no wpr-jarallax-no wpr-parallax-no wpr-sticky-section-no e-con e-parent\" data-id=\"785ec78\" data-element_type=\"container\" data-settings=\"{&quot;background_background&quot;:&quot;slideshow&quot;,&quot;background_slideshow_gallery&quot;:[{&quot;id&quot;:1438,&quot;url&quot;:&quot;https:\\\/\\\/conciencia.ar\\\/wp-content\\\/uploads\\\/2025\\\/02\\\/WhatsApp-Image-2025-02-03-at-16.35.46-3.jpeg&quot;}],&quot;background_slideshow_loop&quot;:&quot;yes&quot;,&quot;background_slideshow_slide_duration&quot;:5000,&quot;background_slideshow_slide_transition&quot;:&quot;fade&quot;,&quot;background_slideshow_transition_duration&quot;:500}\">\n\t\t\t\t\t<div class=\"e-con-inner\">\n\t\t\t\t<div class=\"elementor-element elementor-element-0091782 elementor-invisible elementor-widget elementor-widget-heading\" data-id=\"0091782\" data-element_type=\"widget\" data-settings=\"{&quot;_animation&quot;:&quot;zoomIn&quot;}\" data-widget_type=\"heading.default\">\n\t\t\t\t<div class=\"elementor-widget-container\">\n\t\t\t\t\t<h2 class=\"elementor-heading-title elementor-size-default\">\u00a1INSCR\u00cdBETE AHORA!<br>No dudes en ponerte en contacto a trav\u00e9s de cualquiera de nuestros canales de comunicaci\u00f3n<\/h2>\t\t\t\t<\/div>\n\t\t\t\t<\/div>\n\t\t\t\t<div class=\"elementor-element elementor-element-85dc4cc elementor-align-center elementor-widget elementor-widget-button\" data-id=\"85dc4cc\" data-element_type=\"widget\" data-widget_type=\"button.default\">\n\t\t\t\t<div class=\"elementor-widget-container\">\n\t\t\t\t\t\t\t\t\t<div class=\"elementor-button-wrapper\">\n\t\t\t\t\t<a class=\"elementor-button elementor-button-link elementor-size-sm\" href=\"https:\/\/conciencia.ar\/index.php\/contacto\">\n\t\t\t\t\t\t<span class=\"elementor-button-content-wrapper\">\n\t\t\t\t\t\t\t\t\t<span class=\"elementor-button-text\">Contactanos!<\/span>\n\t\t\t\t\t<\/span>\n\t\t\t\t\t<\/a>\n\t\t\t\t<\/div>\n\t\t\t\t\t\t\t\t<\/div>\n\t\t\t\t<\/div>\n\t\t\t\t\t<\/div>\n\t\t\t\t<\/div>\n\t\t\t\t<\/div>\n\t\t","protected":false},"excerpt":{"rendered":"<p>Certificaciones Convertirte en un coach profesional Nuestras certificaciones est\u00e1n dise\u00f1adas para guiarte a trav\u00e9s de un proceso profundo de autoconocimiento y desarrollo profesional Certificaci\u00f3n Internacional en Coaching Integral Objetivos del programa Descubrir y potenciar tus fortalezas personales. Aprender herramientas pr\u00e1cticas para la gesti\u00f3n emocional y la toma de decisiones Dominar t\u00e9cnicas de coaching para aplicar en tu vida y en la de otros. Desarrollar una identidad profesional como coach certificado. Ver info completa \u00a1INSCR\u00cdBETE AHORA! Certificaci\u00f3n Hypnosis Technician \u00bfQu\u00e9 obtendr\u00e1s en este programa intensivo? 3 d\u00edas inmersivos presenciales, donde desarrollar\u00e1s habilidades pr\u00e1cticas y efectivas. T\u00e9cnicas para inducir y manejar estados de trance con precisi\u00f3n. Herramientas para transformar creencias limitantes y facilitar cambios duraderos. Un modelo hipn\u00f3tico poderoso que te permitir\u00e1 impactar vidas desde el primer d\u00eda. Crecimiento personal: sanar\u00e1s tus propias heridas y elevar\u00e1s tu calidad de vida. Ver info completa \u00a1INSCR\u00cdBETE AHORA! Certificaci\u00f3n en creencias limitantes Es un proceso de entrenamiento esencialmente pr\u00e1ctico donde los participantes aprender\u00e1n a identificar y facilitar la transformaci\u00f3n de creencias limitantes a partir de un s\u00f3lido modelo basado en evidencias. Ver info completa \u00a1INSCR\u00cdBETE AHORA! \u00a1INSCR\u00cdBETE AHORA!No dudes en ponerte en contacto a trav\u00e9s de cualquiera de nuestros canales de comunicaci\u00f3n Contactanos!<\/p>\n","protected":false},"author":1,"featured_media":0,"parent":0,"menu_order":0,"comment_status":"closed","ping_status":"closed","template":"elementor_canvas","meta":{"footnotes":""},"class_list":["post-10","page","type-page","status-publish","hentry"],"_links":{"self":[{"href":"https:\/\/conciencia.ar\/index.php\/wp-json\/wp\/v2\/pages\/10","targetHints":{"allow":["GET"]}}],"collection":[{"href":"https:\/\/conciencia.ar\/index.php\/wp-json\/wp\/v2\/pages"}],"about":[{"href":"https:\/\/conciencia.ar\/index.php\/wp-json\/wp\/v2\/types\/page"}],"author":[{"embeddable":true,"href":"https:\/\/conciencia.ar\/index.php\/wp-json\/wp\/v2\/users\/1"}],"replies":[{"embeddable":true,"href":"https:\/\/conciencia.ar\/index.php\/wp-json\/wp\/v2\/comments?post=10"}],"version-history":[{"count":88,"href":"https:\/\/conciencia.ar\/index.php\/wp-json\/wp\/v2\/pages\/10\/revisions"}],"predecessor-version":[{"id":1824,"href":"https:\/\/conciencia.ar\/index.php\/wp-json\/wp\/v2\/pages\/10\/revisions\/1824"}],"wp:attachment":[{"href":"https:\/\/conciencia.ar\/index.php\/wp-json\/wp\/v2\/media?parent=10"}],"curies":[{"name":"wp","href":"https:\/\/api.w.org\/{rel}","templated":true}]}}